{"id":20,"date":"2025-04-14T00:19:50","date_gmt":"2025-04-13T22:19:50","guid":{"rendered":"https:\/\/recyfer.com\/?page_id=20"},"modified":"2025-04-17T22:46:40","modified_gmt":"2025-04-17T20:46:40","slug":"contact-2","status":"publish","type":"page","link":"https:\/\/recyfer.com\/?page_id=20","title":{"rendered":"Contact"},"content":{"rendered":"\n<div style=\"height:0px\" aria-hidden=\"true\" class=\"wp-block-spacer\"><\/div>\n\n\n\n<div class=\"wp-block-group has-global-padding is-layout-constrained wp-block-group-is-layout-constrained\">\n<div class=\"wp-block-columns are-vertically-aligned-top is-layout-flex wp-container-core-columns-is-layout-d7d455e7 wp-block-columns-is-layout-flex\" style=\"padding-top:0;padding-right:0;padding-bottom:0;padding-left:0\">\n<div class=\"wp-block-column is-vertically-aligned-top is-layout-flow wp-block-column-is-layout-flow\" style=\"padding-right:7%;flex-basis:50%\">\n<p class=\"has-text-color\" style=\"color:#0bb4aa\">Connectons-nous!<\/p>\n\n\n\n<h2 class=\"wp-block-heading has-large-font-size\">Pr\u00eats \u00e0 entamer votre prochain projet de recyclage?<\/h2>\n\n\n\n<p>Nous sommes pr\u00eats \u00e0 vous \u00e9couter. Contactez-nous gr\u00e2ce au formulaire de contact ou par t\u00e9l\u00e9phone.<\/p>\n\n\n\n<p>Nous nous d\u00e9pla\u00e7ons \u00e9galement.<\/p>\n\n\n\n<p><br><\/p>\n<\/div>\n\n\n\n<div class=\"wp-block-column is-vertically-aligned-top is-layout-flow wp-block-column-is-layout-flow\" style=\"flex-basis:50%\"><div class=\"wpforms-container wpforms-container-full wpforms-block wpforms-block-203b106d-2dfc-4f8f-a5cc-3aa9e803cd67 wpforms-render-modern\" id=\"wpforms-102\"><form id=\"wpforms-form-102\" class=\"wpforms-validate wpforms-form wpforms-ajax-form\" data-formid=\"102\" method=\"post\" enctype=\"multipart\/form-data\" action=\"\/index.php?rest_route=%2Fwp%2Fv2%2Fpages%2F20\" data-token=\"bd81b3baecc52be50b5c56c491bd030b\" data-token-time=\"1778765147\"><noscript class=\"wpforms-error-noscript\">Please enable JavaScript in your browser to complete this form.<\/noscript><div class=\"wpforms-hidden\" id=\"wpforms-error-noscript\">Please enable JavaScript in your browser to complete this form.<\/div><div class=\"wpforms-field-container\"><div id=\"wpforms-102-field_1-container\" class=\"wpforms-field wpforms-field-name\" data-field-id=\"1\"><fieldset><legend class=\"wpforms-field-label\">Nom <span class=\"wpforms-required-label\" aria-hidden=\"true\">*<\/span><\/legend><div class=\"wpforms-field-row wpforms-field-medium\"><div class=\"wpforms-field-row-block wpforms-first wpforms-one-half\"><input type=\"text\" id=\"wpforms-102-field_1\" class=\"wpforms-field-name-first wpforms-field-required\" name=\"wpforms[fields][1][first]\" aria-errormessage=\"wpforms-102-field_1-error\" required><label for=\"wpforms-102-field_1\" class=\"wpforms-field-sublabel after\">First<\/label><\/div><div class=\"wpforms-field-row-block wpforms-one-half\"><input type=\"text\" id=\"wpforms-102-field_1-last\" class=\"wpforms-field-name-last wpforms-field-required\" name=\"wpforms[fields][1][last]\" aria-errormessage=\"wpforms-102-field_1-last-error\" required><label for=\"wpforms-102-field_1-last\" class=\"wpforms-field-sublabel after\">Last<\/label><\/div><\/div><\/fieldset><\/div><div id=\"wpforms-102-field_2-container\" class=\"wpforms-field wpforms-field-email\" data-field-id=\"2\"><label class=\"wpforms-field-label\" for=\"wpforms-102-field_2\">E-mail <span class=\"wpforms-required-label\" aria-hidden=\"true\">*<\/span><\/label><input type=\"email\" id=\"wpforms-102-field_2\" class=\"wpforms-field-medium wpforms-field-required\" name=\"wpforms[fields][2]\" spellcheck=\"false\" aria-errormessage=\"wpforms-102-field_2-error\" required><\/div><div id=\"wpforms-102-field_5-container\" class=\"wpforms-field wpforms-field-text\" data-field-id=\"5\"><label class=\"wpforms-field-label\" for=\"wpforms-102-field_5\">T\u00e9l\u00e9phone<\/label><input type=\"text\" id=\"wpforms-102-field_5\" class=\"wpforms-field-medium\" name=\"wpforms[fields][5]\" aria-errormessage=\"wpforms-102-field_5-error\" ><\/div><div id=\"wpforms-102-field_4-container\" class=\"wpforms-field wpforms-field-text\" data-field-id=\"4\"><label class=\"wpforms-field-label\" for=\"wpforms-102-field_4\">Sujet<\/label><input type=\"text\" id=\"wpforms-102-field_4\" class=\"wpforms-field-medium\" name=\"wpforms[fields][4]\" aria-errormessage=\"wpforms-102-field_4-error\" ><\/div><div id=\"wpforms-102-field_3-container\" class=\"wpforms-field wpforms-field-textarea\" data-field-id=\"3\"><label class=\"wpforms-field-label\" for=\"wpforms-102-field_3\">Message<\/label><textarea id=\"wpforms-102-field_3\" class=\"wpforms-field-medium\" name=\"wpforms[fields][3]\" aria-errormessage=\"wpforms-102-field_3-error\" ><\/textarea><\/div><\/div><!-- .wpforms-field-container --><div class=\"wpforms-submit-container\" ><input type=\"hidden\" name=\"wpforms[id]\" value=\"102\"><input type=\"hidden\" name=\"page_title\" value=\"\"><input type=\"hidden\" name=\"page_url\" value=\"https:\/\/recyfer.com\/index.php?rest_route=\/wp\/v2\/pages\/20\"><input type=\"hidden\" name=\"url_referer\" value=\"\"><button type=\"submit\" name=\"wpforms[submit]\" id=\"wpforms-submit-102\" class=\"wpforms-submit\" data-alt-text=\"Envoi...\" data-submit-text=\"Envoyer\" aria-live=\"assertive\" value=\"wpforms-submit\">Envoyer<\/button><img loading=\"lazy\" decoding=\"async\" src=\"https:\/\/recyfer.com\/wp-content\/plugins\/wpforms-lite\/assets\/images\/submit-spin.svg\" class=\"wpforms-submit-spinner\" style=\"display: none;\" width=\"26\" height=\"26\" alt=\"Loading\"><\/div><\/form><\/div>  <!-- .wpforms-container --><\/div>\n<\/div>\n\n\n\n<div style=\"height:135px\" aria-hidden=\"true\" class=\"wp-block-spacer\"><\/div>\n<\/div>\n\n\n\n<div class=\"wp-block-group alignfull has-global-padding is-layout-constrained wp-container-core-group-is-layout-19e250f3 wp-block-group-is-layout-constrained\">\n<div class=\"wp-block-columns alignfull are-vertically-aligned-center has-light-background-background-color has-background is-layout-flex wp-container-core-columns-is-layout-dd282781 wp-block-columns-is-layout-flex\" style=\"padding-top:0;padding-right:0;padding-bottom:0;padding-left:0\">\n<div class=\"wp-block-column is-vertically-aligned-center map-grayscale is-layout-flow wp-block-column-is-layout-flow\" style=\"flex-basis:50%\">\n<figure class=\"wp-block-image size-large\"><img loading=\"lazy\" decoding=\"async\" width=\"1024\" height=\"788\" src=\"https:\/\/recyfer.com\/wp-content\/uploads\/2025\/04\/Capture-decran-2025-04-14-a-04.31.26-1024x788.png\" alt=\"\" class=\"wp-image-88\" srcset=\"https:\/\/recyfer.com\/wp-content\/uploads\/2025\/04\/Capture-decran-2025-04-14-a-04.31.26-1024x788.png 1024w, https:\/\/recyfer.com\/wp-content\/uploads\/2025\/04\/Capture-decran-2025-04-14-a-04.31.26-300x231.png 300w, https:\/\/recyfer.com\/wp-content\/uploads\/2025\/04\/Capture-decran-2025-04-14-a-04.31.26.png 1182w\" sizes=\"auto, (max-width: 1024px) 100vw, 1024px\" \/><\/figure>\n<\/div>\n\n\n\n<div class=\"wp-block-column is-vertically-aligned-center is-layout-flow wp-block-column-is-layout-flow\" style=\"padding-top:var(--wp--preset--spacing--small);padding-right:var(--wp--preset--spacing--small);padding-bottom:var(--wp--preset--spacing--small);padding-left:2%;flex-basis:50%\">\n<h3 class=\"wp-block-heading has-large-font-size\">Recyfer<\/h3>\n\n\n\n<p><\/p>\n\n\n\n<h3 class=\"wp-block-heading\"><strong>Address<\/strong>e<\/h3>\n\n\n\n<p>Lasserre 97111<\/p>\n\n\n\n<p>Morne-\u00e0-L&#8217;Eau<\/p>\n\n\n\n<h3 class=\"wp-block-heading\"><strong>Email<\/strong><\/h3>\n\n\n\n<p>contact@recyfer.com<\/p>\n\n\n\n<h3 class=\"wp-block-heading\"><strong>T\u00e9l\u00e9phone<\/strong><\/h3>\n\n\n\n<p>+590-691-25 40 15<\/p>\n<\/div>\n<\/div>\n<\/div>\n\n\n\n<div class=\"wp-block-group is-layout-flow wp-block-group-is-layout-flow\">\n<div class=\"wp-block-group is-layout-flow wp-block-group-is-layout-flow\">\n<div style=\"height:69px\" aria-hidden=\"true\" class=\"wp-block-spacer\"><\/div>\n\n\n\n<div class=\"wp-block-columns is-layout-flex wp-container-core-columns-is-layout-28f84493 wp-block-columns-is-layout-flex\">\n<div class=\"wp-block-column is-layout-flow wp-block-column-is-layout-flow\">\n<p class=\"has-text-align-left has-text-color\" style=\"color:#0bb4aa\">NOUS SOMMES SITU\u00c9<\/p>\n\n\n\n<h2 class=\"wp-block-heading has-text-align-left has-large-font-size\">Notre Localisation<\/h2>\n\n\n\n<div class=\"wp-block-columns is-layout-flex wp-container-core-columns-is-layout-28f84493 wp-block-columns-is-layout-flex\">\n<div class=\"wp-block-column is-layout-flow wp-block-column-is-layout-flow\">\n<p style=\"line-height:2.5\">Guadeloupe<br><br><\/p>\n<\/div>\n\n\n\n<div class=\"wp-block-column is-layout-flow wp-block-column-is-layout-flow\">\n<p style=\"line-height:2.5\"><\/p>\n<\/div>\n<\/div>\n<\/div>\n\n\n\n<div class=\"wp-block-column is-layout-flow wp-block-column-is-layout-flow\">\n<figure class=\"wp-block-image size-large\"><img loading=\"lazy\" decoding=\"async\" width=\"1024\" height=\"640\" src=\"https:\/\/recyfer.com\/wp-content\/uploads\/2025\/04\/map-recyfer-1024x640.png\" alt=\"\" class=\"wp-image-91\" srcset=\"https:\/\/recyfer.com\/wp-content\/uploads\/2025\/04\/map-recyfer-1024x640.png 1024w, https:\/\/recyfer.com\/wp-content\/uploads\/2025\/04\/map-recyfer-300x188.png 300w, https:\/\/recyfer.com\/wp-content\/uploads\/2025\/04\/map-recyfer.png 1920w\" sizes=\"auto, (max-width: 1024px) 100vw, 1024px\" \/><\/figure>\n<\/div>\n<\/div>\n\n\n\n<div style=\"height:52px\" aria-hidden=\"true\" class=\"wp-block-spacer\"><\/div>\n<\/div>\n<\/div>\n\n\n\n<div class=\"wp-block-group has-global-padding is-layout-constrained wp-block-group-is-layout-constrained\">\n<div style=\"height:33px\" aria-hidden=\"true\" class=\"wp-block-spacer\"><\/div>\n\n\n\n<div class=\"wp-block-columns are-vertically-aligned-center is-layout-flex wp-container-core-columns-is-layout-4ed999c3 wp-block-columns-is-layout-flex\" style=\"padding-top:var(--wp--preset--spacing--60);padding-bottom:var(--wp--preset--spacing--60);padding-left:0\">\n<div class=\"wp-block-column is-vertically-aligned-center has-global-padding is-content-justification-left is-layout-constrained wp-container-core-column-is-layout-12dd3699 wp-block-column-is-layout-constrained\" style=\"flex-basis:66.66%\">\n<h2 class=\"wp-block-heading\">Vous souhaitez rejoindre notre \u00e9quipe?<\/h2>\n\n\n\n<p>Consultez les offres d&#8217;emploi disponibles et envoyez-nous votre dossier<\/p>\n<\/div>\n\n\n\n<div class=\"wp-block-column is-vertically-aligned-center is-layout-flow wp-block-column-is-layout-flow\" style=\"flex-basis:33.33%\">\n<div class=\"wp-block-buttons is-content-justification-right is-layout-flex wp-container-core-buttons-is-layout-d445cf74 wp-block-buttons-is-layout-flex\">\n<div class=\"wp-block-button is-style-fill\"><a class=\"wp-block-button__link has-custom-font-size wp-element-button\" style=\"border-radius:0px;font-size:14px;font-style:normal;font-weight:600;letter-spacing:1px;text-transform:uppercase\">Voir les offres d&#8217;emploi<\/a><\/div>\n<\/div>\n<\/div>\n<\/div>\n\n\n\n<div style=\"height:45px\" aria-hidden=\"true\" class=\"wp-block-spacer\"><\/div>\n<\/div>\n","protected":false},"excerpt":{"rendered":"<p>Connectons-nous! Pr\u00eats \u00e0 entamer votre prochain projet de recyclage? Nous sommes pr\u00eats \u00e0 vous \u00e9couter. Contactez-nous gr\u00e2ce au formulaire de contact ou par t\u00e9l\u00e9phone. Nous nous d\u00e9pla\u00e7ons \u00e9galement. Recyfer Addresse Lasserre 97111 Morne-\u00e0-L&#8217;Eau Email contact@recyfer.com T\u00e9l\u00e9phone +590-691-25 40 15 NOUS SOMMES SITU\u00c9 Notre Localisation Guadeloupe Vous souhaitez rejoindre notre \u00e9quipe? Consultez les offres d&#8217;emploi disponibles &hellip; <\/p>\n<p class=\"link-more\"><a href=\"https:\/\/recyfer.com\/?page_id=20\" class=\"more-link\">Read more<span class=\"screen-reader-text\"> &#8220;Contact&#8221;<\/span><\/a><\/p>\n","protected":false},"author":1,"featured_media":142,"parent":0,"menu_order":0,"comment_status":"closed","ping_status":"closed","template":"","meta":{"footnotes":""},"class_list":["post-20","page","type-page","status-publish","has-post-thumbnail","hentry"],"featured_media_urls":{"thumbnail":["https:\/\/recyfer.com\/wp-content\/uploads\/2025\/04\/Design-6sans-titre-150x150.png",150,150,true],"medium":["https:\/\/recyfer.com\/wp-content\/uploads\/2025\/04\/Design-6sans-titre-300x180.png",300,180,true],"medium_large":["https:\/\/recyfer.com\/wp-content\/uploads\/2025\/04\/Design-6sans-titre.png",768,461,false],"large":["https:\/\/recyfer.com\/wp-content\/uploads\/2025\/04\/Design-6sans-titre-1024x614.png",950,570,true],"1536x1536":["https:\/\/recyfer.com\/wp-content\/uploads\/2025\/04\/Design-6sans-titre-1536x922.png",1536,922,true],"2048x2048":["https:\/\/recyfer.com\/wp-content\/uploads\/2025\/04\/Design-6sans-titre-2048x1229.png",2048,1229,true],"inspiro-featured-image":["https:\/\/recyfer.com\/wp-content\/uploads\/2025\/04\/Design-6sans-titre-2000x1200.png",2000,1200,true],"inspiro-loop":["https:\/\/recyfer.com\/wp-content\/uploads\/2025\/04\/Design-6sans-titre-950x320.png",950,320,true],"inspiro-loop@2x":["https:\/\/recyfer.com\/wp-content\/uploads\/2025\/04\/Design-6sans-titre-1900x640.png",1900,640,true],"portfolio_item-thumbnail":["https:\/\/recyfer.com\/wp-content\/uploads\/2025\/04\/Design-6sans-titre-600x400.png",600,400,true],"portfolio_item-thumbnail@2x":["https:\/\/recyfer.com\/wp-content\/uploads\/2025\/04\/Design-6sans-titre-1200x800.png",1200,800,true],"portfolio_item-masonry":["https:\/\/recyfer.com\/wp-content\/uploads\/2025\/04\/Design-6sans-titre-600x360.png",600,360,true],"portfolio_item-masonry@2x":["https:\/\/recyfer.com\/wp-content\/uploads\/2025\/04\/Design-6sans-titre-1200x720.png",1200,720,true],"portfolio_item-thumbnail_cinema":["https:\/\/recyfer.com\/wp-content\/uploads\/2025\/04\/Design-6sans-titre-800x335.png",800,335,true],"portfolio_item-thumbnail_portrait":["https:\/\/recyfer.com\/wp-content\/uploads\/2025\/04\/Design-6sans-titre-600x900.png",600,900,true],"portfolio_item-thumbnail_portrait@2x":["https:\/\/recyfer.com\/wp-content\/uploads\/2025\/04\/Design-6sans-titre-1200x1800.png",1200,1800,true],"portfolio_item-thumbnail_square":["https:\/\/recyfer.com\/wp-content\/uploads\/2025\/04\/Design-6sans-titre-800x800.png",800,800,true]},"_links":{"self":[{"href":"https:\/\/recyfer.com\/index.php?rest_route=\/wp\/v2\/pages\/20","targetHints":{"allow":["GET"]}}],"collection":[{"href":"https:\/\/recyfer.com\/index.php?rest_route=\/wp\/v2\/pages"}],"about":[{"href":"https:\/\/recyfer.com\/index.php?rest_route=\/wp\/v2\/types\/page"}],"author":[{"embeddable":true,"href":"https:\/\/recyfer.com\/index.php?rest_route=\/wp\/v2\/users\/1"}],"replies":[{"embeddable":true,"href":"https:\/\/recyfer.com\/index.php?rest_route=%2Fwp%2Fv2%2Fcomments&post=20"}],"version-history":[{"count":16,"href":"https:\/\/recyfer.com\/index.php?rest_route=\/wp\/v2\/pages\/20\/revisions"}],"predecessor-version":[{"id":205,"href":"https:\/\/recyfer.com\/index.php?rest_route=\/wp\/v2\/pages\/20\/revisions\/205"}],"wp:featuredmedia":[{"embeddable":true,"href":"https:\/\/recyfer.com\/index.php?rest_route=\/wp\/v2\/media\/142"}],"wp:attachment":[{"href":"https:\/\/recyfer.com\/index.php?rest_route=%2Fwp%2Fv2%2Fmedia&parent=20"}],"curies":[{"name":"wp","href":"https:\/\/api.w.org\/{rel}","templated":true}]}}